{"id":8,"date":"2024-10-23T14:10:49","date_gmt":"2024-10-23T12:10:49","guid":{"rendered":"https:\/\/tpliance.ca\/?page_id=8"},"modified":"2024-12-02T13:13:42","modified_gmt":"2024-12-02T12:13:42","slug":"accueil","status":"publish","type":"page","link":"https:\/\/tpliance.ca\/","title":{"rendered":"Accueil"},"content":{"rendered":"\n<div class=\"wp-block-cover alignfull is-light\" style=\"padding-top:17%;padding-bottom:3rem\"><span aria-hidden=\"true\" class=\"wp-block-cover__background has-white-background-color has-background-dim-10 has-background-dim\"><\/span><img loading=\"lazy\" decoding=\"async\" width=\"1707\" height=\"2560\" class=\"wp-block-cover__image-background wp-image-34\" alt=\"\" src=\"https:\/\/tpliance.ca\/wp-content\/uploads\/2024\/10\/Hands_medium-1-scaled.jpg\" style=\"object-position:33% 50%\" data-object-fit=\"cover\" data-object-position=\"33% 50%\" srcset=\"https:\/\/tpliance.ca\/wp-content\/uploads\/2024\/10\/Hands_medium-1-scaled.jpg 1707w, https:\/\/tpliance.ca\/wp-content\/uploads\/2024\/10\/Hands_medium-1-200x300.jpg 200w, https:\/\/tpliance.ca\/wp-content\/uploads\/2024\/10\/Hands_medium-1-683x1024.jpg 683w, https:\/\/tpliance.ca\/wp-content\/uploads\/2024\/10\/Hands_medium-1-768x1152.jpg 768w, https:\/\/tpliance.ca\/wp-content\/uploads\/2024\/10\/Hands_medium-1-1024x1536.jpg 1024w, https:\/\/tpliance.ca\/wp-content\/uploads\/2024\/10\/Hands_medium-1-1365x2048.jpg 1365w\" sizes=\"auto, (max-width: 1707px) 100vw, 1707px\" \/><div class=\"wp-block-cover__inner-container has-global-padding is-layout-constrained wp-container-core-cover-is-layout-515e36f1 wp-block-cover-is-layout-constrained\">\n<div class=\"wp-block-group alignwide is-vertical is-content-justification-left is-layout-flex wp-container-core-group-is-layout-b21d21b4 wp-block-group-is-layout-flex\" style=\"min-height:520px\">\n<div class=\"wp-block-group has-global-padding is-layout-constrained wp-container-core-group-is-layout-92ef7b19 wp-block-group-is-layout-constrained\">\n<h2 class=\"wp-block-heading has-text-align-left has-text-color\" style=\"color:#fffffd;margin-bottom:1.01rem;font-size:clamp(2.422rem, 2.422rem + ((1vw - 0.2rem) * 3.796), 4.51rem);font-style:normal;font-weight:500;line-height:1.2\">Bienvenue sur le site de TPLiance<\/h2>\n\n\n\n<p class=\"has-text-align-left has-text-color\" style=\"color:#fffffd;margin-top:0;margin-bottom:0;padding-top:0;padding-right:0;padding-bottom:0;padding-left:0;font-size:clamp(0.935rem, 0.935rem + ((1vw - 0.2rem) * 0.864), 1.41rem);font-style:normal;font-weight:400;line-height:1.3\">D\u00e9velopper une intervention de pair-aidance adapt\u00e9e aux personnes vivant avec un TPL<\/p>\n\n\n\n<div class=\"wp-block-group is-vertical is-content-justification-stretch is-layout-flex wp-container-core-group-is-layout-53ad70e0 wp-block-group-is-layout-flex\" style=\"margin-top:1.61rem;padding-right:0px;padding-left:0px\">\n<div class=\"wp-block-group has-global-padding is-content-justification-left is-layout-constrained wp-container-core-group-is-layout-a938e025 wp-block-group-is-layout-constrained\" style=\"border-radius:0px;margin-top:0px\">\n<div class=\"wp-block-buttons is-horizontal is-content-justification-right is-layout-flex wp-container-core-buttons-is-layout-099266fd wp-block-buttons-is-layout-flex\" style=\"margin-top:0.51rem\">\n<div class=\"wp-block-button has-custom-width wp-block-button__width-100 has-custom-font-size is-style-fill\" style=\"font-size:clamp(0.875rem, 0.875rem + ((1vw - 0.2rem) * 0.245), 1.01rem);font-style:normal;font-weight:600;line-height:1.5;text-transform:capitalize\"><a class=\"wp-block-button__link has-custom-color-3-background-color has-text-color has-background has-text-align-center wp-element-button\" href=\"https:\/\/tpliance.ca\/?page_id=11\" style=\"border-style:none;border-width:0px;border-radius:20rem;color:#fffffd;padding-top:0.71rem;padding-right:0.31rem;padding-bottom:0.71rem;padding-left:0.31rem\">EN SAVOIR PLUS<\/a><\/div>\n<\/div>\n<\/div>\n<\/div>\n<\/div>\n<\/div>\n<\/div><\/div>\n\n\n\n<section class=\"wp-block-group alignfull has-global-padding is-layout-constrained wp-container-core-group-is-layout-3ff90055 wp-block-group-is-layout-constrained\" style=\"margin-top:0px;padding-top:6rem;padding-right:1rem;padding-bottom:4.5rem;padding-left:1rem;font-size:clamp(0.875rem, 0.875rem + ((1vw - 0.2rem) * 0.464), 1.13rem);font-style:normal;font-weight:400;line-height:1.4\">\n<h3 class=\"wp-block-heading has-text-align-center has-text-color\" style=\"color:#010101;margin-top:0.5rem;margin-bottom:0rem;font-size:clamp(1.556rem, 1.556rem + ((1vw - 0.2rem) * 1.916), 2.61rem);font-style:normal;font-weight:500;letter-spacing:0px;line-height:1.3\">Qu&rsquo;est-ce que TPLiance ?<\/h3>\n\n\n\n<p><\/p>\n\n\n\n<p class=\"has-text-align-center has-text-color\" style=\"color:#010101;margin-top:0rem;font-size:clamp(0.875rem, 0.875rem + ((1vw - 0.2rem) * 0.245), 1.01rem);font-style:normal;font-weight:400;line-height:1.5\">TPLiance, c&rsquo;est avant tout des personnes issues d&rsquo;horizons diff\u00e9rents (m\u00e9decins, chercheurs, \u00e9tudiants, patients..), r\u00e9unies par un d\u00e9sir commun : Am\u00e9liorer la prise en charge des personnes souffrant d&rsquo;un trouble de personnalit\u00e9 limite en int\u00e9grant un mod\u00e8le de prise en charge d\u00e9j\u00e0 utilis\u00e9 dans d&rsquo;autres pathologies : la pair-aidance.<\/p>\n\n\n\n<div class=\"wp-block-columns is-layout-flex wp-container-core-columns-is-layout-2e7296b4 wp-block-columns-is-layout-flex\" style=\"margin-bottom:0px\">\n<div class=\"wp-block-column is-vertically-aligned-center has-global-padding is-layout-constrained wp-container-core-column-is-layout-b4ec969c wp-block-column-is-layout-constrained\" style=\"padding-top:2.01rem\">\n<div class=\"wp-block-group has-global-padding is-content-justification-center is-layout-constrained wp-container-core-group-is-layout-2f0bcb29 wp-block-group-is-layout-constrained\" style=\"margin-top:0px\">\n<div class=\"wp-block-buttons is-horizontal is-content-justification-center is-layout-flex wp-container-core-buttons-is-layout-a300a970 wp-block-buttons-is-layout-flex\" style=\"margin-top:0.51rem\">\n<div class=\"wp-block-button has-custom-width wp-block-button__width-100 has-custom-font-size is-style-fill\" style=\"font-size:clamp(0.875rem, 0.875rem + ((1vw - 0.2rem) * 0.245), 1.01rem);font-style:normal;font-weight:600;line-height:1.5;text-transform:uppercase\"><a class=\"wp-block-button__link has-custom-color-3-background-color has-text-color has-background has-text-align-center wp-element-button\" href=\"https:\/\/tpliance.ca\/?page_id=15\" style=\"border-style:none;border-width:0px;border-radius:20rem;color:#fffffd;padding-top:0.71rem;padding-right:0.31rem;padding-bottom:0.71rem;padding-left:0.31rem\">NOTRE PROJET<\/a><\/div>\n<\/div>\n<\/div>\n<\/div>\n<\/div>\n<\/section>\n","protected":false},"excerpt":{"rendered":"<p>Qu&rsquo;est-ce que TPLiance ? TPLiance, c&rsquo;est avant tout des personnes issues d&rsquo;horizons diff\u00e9rents (m\u00e9decins, chercheurs, \u00e9tudiants, patients..), r\u00e9unies par un d\u00e9sir commun : Am\u00e9liorer la prise en charge des personnes souffrant d&rsquo;un trouble de personnalit\u00e9 limite en int\u00e9grant un mod\u00e8le de prise en charge d\u00e9j\u00e0 utilis\u00e9 dans d&rsquo;autres pathologies : la pair-aidance.<\/p>\n","protected":false},"author":1,"featured_media":0,"parent":0,"menu_order":0,"comment_status":"closed","ping_status":"closed","template":"","meta":{"footnotes":""},"class_list":["post-8","page","type-page","status-publish","hentry"],"_links":{"self":[{"href":"https:\/\/tpliance.ca\/index.php?rest_route=\/wp\/v2\/pages\/8","targetHints":{"allow":["GET"]}}],"collection":[{"href":"https:\/\/tpliance.ca\/index.php?rest_route=\/wp\/v2\/pages"}],"about":[{"href":"https:\/\/tpliance.ca\/index.php?rest_route=\/wp\/v2\/types\/page"}],"author":[{"embeddable":true,"href":"https:\/\/tpliance.ca\/index.php?rest_route=\/wp\/v2\/users\/1"}],"replies":[{"embeddable":true,"href":"https:\/\/tpliance.ca\/index.php?rest_route=%2Fwp%2Fv2%2Fcomments&post=8"}],"version-history":[{"count":47,"href":"https:\/\/tpliance.ca\/index.php?rest_route=\/wp\/v2\/pages\/8\/revisions"}],"predecessor-version":[{"id":343,"href":"https:\/\/tpliance.ca\/index.php?rest_route=\/wp\/v2\/pages\/8\/revisions\/343"}],"wp:attachment":[{"href":"https:\/\/tpliance.ca\/index.php?rest_route=%2Fwp%2Fv2%2Fmedia&parent=8"}],"curies":[{"name":"wp","href":"https:\/\/api.w.org\/{rel}","templated":true}]}}